{"id":411,"date":"2024-06-24T11:40:33","date_gmt":"2024-06-24T11:40:33","guid":{"rendered":"http:\/\/192.168.0.235:10022\/?page_id=411"},"modified":"2025-03-11T21:58:25","modified_gmt":"2025-03-12T00:58:25","slug":"sobre","status":"publish","type":"page","link":"https:\/\/ecoplasticobr.com.br\/?page_id=411","title":{"rendered":"Sobre"},"content":{"rendered":"\t\t<div data-elementor-type=\"wp-page\" data-elementor-id=\"411\" class=\"elementor elementor-411\">\n\t\t\t\t<div class=\"elementor-element elementor-element-e34abef e-flex e-con-boxed rt-default-class e-con e-parent\" data-id=\"e34abef\" data-element_type=\"container\">\n\t\t\t\t\t<div class=\"e-con-inner\">\n\t\t<div class=\"elementor-element elementor-element-5e85ca5 e-con-full e-flex rt-default-class e-con e-child\" data-id=\"5e85ca5\" data-element_type=\"container\">\n\t\t\t\t<div class=\"elementor-element elementor-element-48e0c09 rt-default-class elementor-widget elementor-widget-react-heading\" data-id=\"48e0c09\" data-element_type=\"widget\" data-widget_type=\"react-heading.default\">\n\t\t\t\t<div class=\"elementor-widget-container\">\n\t\t\t\t\t\t\t<div class=\"animation-wow fadeInUp react-heading default\">\r\n\t\t\t<div class=\"title-inner\">\r\n\t\t\t\t<span class=\"bg-color-3 sub-text subtitle wow fadeInUp\">Que somos<\/span><div class=\"wow fadeInUp\"><h2 class=\"title word-line\">Nossa Hist\u00f3ria<\/h2><\/div>\t\t\t<\/div>\r\n\t\t\t\r\n\t\t\t\t\t\t\t<div class=\"description wow fadeInUp \">\r\n\t\t\t\t\t<p data-start=\"134\" data-end=\"358\">A <strong data-start=\"136\" data-end=\"151\">Ecopl\u00e1stico<\/strong> nasceu com um prop\u00f3sito claro: <strong data-start=\"183\" data-end=\"255\">transformar res\u00edduos pl\u00e1sticos contaminados em solu\u00e7\u00f5es sustent\u00e1veis<\/strong> para a ind\u00fastria, contribuindo para a preserva\u00e7\u00e3o do meio ambiente e promovendo a economia circular.<\/p><p data-start=\"360\" data-end=\"636\">Fundada em <strong data-start=\"371\" data-end=\"379\">2017<\/strong>, na cidade de <strong data-start=\"394\" data-end=\"408\">Maring\u00e1\/PR<\/strong>, pelo empres\u00e1rio <strong data-start=\"426\" data-end=\"451\">Cleverson Martho Reis<\/strong>, a empresa iniciou suas atividades com uma equipe de <strong data-start=\"505\" data-end=\"525\">10 colaboradores<\/strong>, focada em atender a crescente demanda do mercado local por um descarte respons\u00e1vel e eficiente do pl\u00e1stico.<\/p><p data-start=\"638\" data-end=\"1248\">Com o compromisso de oferecer tecnologia avan\u00e7ada e processos inovadores, a <strong data-start=\"714\" data-end=\"729\">Ecopl\u00e1stico<\/strong> rapidamente expandiu suas opera\u00e7\u00f5es. Em <strong data-start=\"770\" data-end=\"778\">2024<\/strong>, a empresa deu um passo importante ao firmar parceria com a <strong data-start=\"839\" data-end=\"865\">Haering do Brasil Ltda<\/strong>, representada pelos s\u00f3cios <strong data-start=\"893\" data-end=\"923\">Gerhard Haering (Alemanha)<\/strong> e <strong data-start=\"926\" data-end=\"954\">Helton Juvencio da Silva<\/strong>, marcando a inaugura\u00e7\u00e3o de uma <strong data-start=\"986\" data-end=\"1043\">nova usina de reciclagem de pl\u00e1stico em Mandagua\u00e7u\/PR<\/strong>. Com essa expans\u00e3o, consolidamos nossa estrutura, investimos em <strong data-start=\"1108\" data-end=\"1133\">equipamentos modernos<\/strong> e contamos com uma equipe altamente qualificada para garantir um processo de reciclagem eficiente e sustent\u00e1vel.<\/p><p data-start=\"1250\" data-end=\"1640\">Hoje, a <strong data-start=\"1258\" data-end=\"1273\">Ecopl\u00e1stico<\/strong> mant\u00e9m mais de <strong data-start=\"1289\" data-end=\"1315\">15 fornecedores ativos<\/strong> e uma ampla carteira de clientes que confiam na qualidade dos nossos produtos reciclados. Nosso trabalho n\u00e3o apenas reduz o impacto ambiental, mas tamb\u00e9m viabiliza o reuso do pl\u00e1stico em diferentes setores da ind\u00fastria, garantindo que materiais descartados voltem ao mercado com novas fun\u00e7\u00f5es e sem comprometer a natureza.<\/p><p data-start=\"1642\" data-end=\"1814\">\ud83d\udc9a <strong data-start=\"1645\" data-end=\"1812\">Nosso compromisso vai al\u00e9m da reciclagem: queremos construir um futuro mais limpo, consciente e sustent\u00e1vel. Juntos, podemos transformar res\u00edduos em oportunidades!<\/strong><\/p>\t\t\t\t<\/div>\r\n\t\t\t\t\t\t\t\t<\/div>\t\t\t\r\n\t\t\t\t\t<\/div>\n\t\t\t\t<\/div>\n\t\t\t\t<\/div>\n\t\t\t\t\t<\/div>\n\t\t\t\t<\/div>\n\t\t<div class=\"elementor-element elementor-element-ffbcda2 bg-color-2 e-flex e-con-boxed e-con e-parent\" data-id=\"ffbcda2\" data-element_type=\"container\">\n\t\t\t\t\t<div class=\"e-con-inner\">\n\t\t<div class=\"elementor-element elementor-element-e05348e e-con-full e-flex rt-default-class e-con e-child\" data-id=\"e05348e\" data-element_type=\"container\">\n\t\t\t\t<div class=\"elementor-element elementor-element-9ea97b0 rt-default-class elementor-widget elementor-widget-rt-counter\" data-id=\"9ea97b0\" data-element_type=\"widget\" data-widget_type=\"rt-counter.default\">\n\t\t\t\t<div class=\"elementor-widget-container\">\n\t\t\t\t\t\t\t\t\t\t<div class=\"counter-top-area style1 wow fadeInRight\" data-wow-delay=\".0s\">\r\n\t\t\t\t<div class=\"rts-counter-list\">\r\n\t\t\t\t\t<div class=\"rts-counter-list-inner \">\t\t\t\t\t\r\n\r\n\t\t\t\t\t\t<div class=\"count-text bottom\">\r\n\t\t\t\t\t\t\t<div class=\"count-number\">\r\n\t\t\t\t\t\t\t\t\t\t\t\t\t\t\t\t<span data-letters=\"500\" class=\"rs-counter\"> 5000<\/span>\r\n\t\t\t\t\t\t\t\t<span class=\"prefix\">+<\/span>\t\t\t\t\t\t\t<\/div>\r\n\r\n\t\t\t\t\t\t\t\t\t\t\t\t\t\t\t<span class=\"title\"> toneladas de pl\u00e1stico reciclado por ano, reduzindo o impacto ambiental e promovendo a economia circular.<\/span>\r\n\t\t\t\t\t\t\t\r\n\t\t\t\t\t\t\t\r\n\t\t\t\t\t\t<\/div>\r\n\t\t\t\t\t<\/div>\r\n\t\t\t\t<\/div>\r\n\t\t\t<\/div>\r\n\r\n\t\t\t\t\r\n\r\n\t\t\t\t\t<\/div>\n\t\t\t\t<\/div>\n\t\t\t\t<\/div>\n\t\t<div class=\"elementor-element elementor-element-05ba3cf e-con-full e-flex rt-default-class e-con e-child\" data-id=\"05ba3cf\" data-element_type=\"container\">\n\t\t\t\t<div class=\"elementor-element elementor-element-d645c49 rt-default-class elementor-widget elementor-widget-rt-counter\" data-id=\"d645c49\" data-element_type=\"widget\" data-widget_type=\"rt-counter.default\">\n\t\t\t\t<div class=\"elementor-widget-container\">\n\t\t\t\t\t\t\t\t\t\t<div class=\"counter-top-area style1 wow fadeInRight\" data-wow-delay=\".2s\">\r\n\t\t\t\t<div class=\"rts-counter-list\">\r\n\t\t\t\t\t<div class=\"rts-counter-list-inner \">\t\t\t\t\t\r\n\r\n\t\t\t\t\t\t<div class=\"count-text bottom\">\r\n\t\t\t\t\t\t\t<div class=\"count-number\">\r\n\t\t\t\t\t\t\t\t\t\t\t\t\t\t\t\t<span data-letters=\"500\" class=\"rs-counter\"> 100<\/span>\r\n\t\t\t\t\t\t\t\t<span class=\"prefix\">+<\/span>\t\t\t\t\t\t\t<\/div>\r\n\r\n\t\t\t\t\t\t\t\t\t\t\t\t\t\t\t<span class=\"title\"> Fornecedores ativos<\/span>\r\n\t\t\t\t\t\t\t\r\n\t\t\t\t\t\t\t\r\n\t\t\t\t\t\t<\/div>\r\n\t\t\t\t\t<\/div>\r\n\t\t\t\t<\/div>\r\n\t\t\t<\/div>\r\n\r\n\t\t\t\t\r\n\r\n\t\t\t\t\t<\/div>\n\t\t\t\t<\/div>\n\t\t\t\t<\/div>\n\t\t<div class=\"elementor-element elementor-element-d10d7e0 e-con-full e-flex rt-default-class e-con e-child\" data-id=\"d10d7e0\" data-element_type=\"container\">\n\t\t\t\t<div class=\"elementor-element elementor-element-28a3745 rt-default-class elementor-widget elementor-widget-rt-counter\" data-id=\"28a3745\" data-element_type=\"widget\" data-widget_type=\"rt-counter.default\">\n\t\t\t\t<div class=\"elementor-widget-container\">\n\t\t\t\t\t\t\t\t\t\t<div class=\"counter-top-area style1 wow fadeInRight\" data-wow-delay=\".0s\">\r\n\t\t\t\t<div class=\"rts-counter-list\">\r\n\t\t\t\t\t<div class=\"rts-counter-list-inner \">\t\t\t\t\t\r\n\r\n\t\t\t\t\t\t<div class=\"count-text bottom\">\r\n\t\t\t\t\t\t\t<div class=\"count-number\">\r\n\t\t\t\t\t\t\t\t\t\t\t\t\t\t\t\t<span data-letters=\"500\" class=\"rs-counter\"> 20<\/span>\r\n\t\t\t\t\t\t\t\t<span class=\"prefix\">+<\/span>\t\t\t\t\t\t\t<\/div>\r\n\r\n\t\t\t\t\t\t\t\t\t\t\t\t\t\t\t<span class=\"title\"> EMPRESAS ATENDIDAS em diversos setores da ind\u00fastria, que confiam na qualidade e sustentabilidade do nosso material reciclado.<\/span>\r\n\t\t\t\t\t\t\t\r\n\t\t\t\t\t\t\t\r\n\t\t\t\t\t\t<\/div>\r\n\t\t\t\t\t<\/div>\r\n\t\t\t\t<\/div>\r\n\t\t\t<\/div>\r\n\r\n\t\t\t\t\r\n\r\n\t\t\t\t\t<\/div>\n\t\t\t\t<\/div>\n\t\t\t\t<\/div>\n\t\t<div class=\"elementor-element elementor-element-62705b3 e-con-full e-flex rt-default-class e-con e-child\" data-id=\"62705b3\" data-element_type=\"container\">\n\t\t\t\t<div class=\"elementor-element elementor-element-ab4427c rt-default-class elementor-widget elementor-widget-rt-counter\" data-id=\"ab4427c\" data-element_type=\"widget\" data-widget_type=\"rt-counter.default\">\n\t\t\t\t<div class=\"elementor-widget-container\">\n\t\t\t\t\t\t\t\t\t\t<div class=\"counter-top-area style1 wow fadeInRight\" data-wow-delay=\".0s\">\r\n\t\t\t\t<div class=\"rts-counter-list\">\r\n\t\t\t\t\t<div class=\"rts-counter-list-inner \">\t\t\t\t\t\r\n\r\n\t\t\t\t\t\t<div class=\"count-text bottom\">\r\n\t\t\t\t\t\t\t<div class=\"count-number\">\r\n\t\t\t\t\t\t\t\t\t\t\t\t\t\t\t\t<span data-letters=\"500\" class=\"rs-counter\"> 1<\/span>\r\n\t\t\t\t\t\t\t\t<span class=\"prefix\">+<\/span>\t\t\t\t\t\t\t<\/div>\r\n\r\n\t\t\t\t\t\t\t\t\t\t\t\t\t\t\t<span class=\"title\"> Fabrica estrategicamente localizada em Mandagua\u00e7u\/PR.<\/span>\r\n\t\t\t\t\t\t\t\r\n\t\t\t\t\t\t\t\r\n\t\t\t\t\t\t<\/div>\r\n\t\t\t\t\t<\/div>\r\n\t\t\t\t<\/div>\r\n\t\t\t<\/div>\r\n\r\n\t\t\t\t\r\n\r\n\t\t\t\t\t<\/div>\n\t\t\t\t<\/div>\n\t\t\t\t<\/div>\n\t\t\t\t\t<\/div>\n\t\t\t\t<\/div>\n\t\t<div class=\"elementor-element elementor-element-8c1c919 e-con-full e-flex rt-default-class e-con e-parent\" data-id=\"8c1c919\" data-element_type=\"container\">\n\t\t<div class=\"elementor-element elementor-element-48cbf47 e-flex e-con-boxed rt-default-class e-con e-child\" data-id=\"48cbf47\" data-element_type=\"container\">\n\t\t\t\t\t<div class=\"e-con-inner\">\n\t\t<div class=\"elementor-element elementor-element-ff5918d e-con-full e-flex rt-default-class e-con e-child\" data-id=\"ff5918d\" data-element_type=\"container\">\n\t\t\t\t<div class=\"elementor-element elementor-element-1ab8e9d elementor-widget__width-initial rt-default-class elementor-widget elementor-widget-react-heading\" data-id=\"1ab8e9d\" data-element_type=\"widget\" data-widget_type=\"react-heading.default\">\n\t\t\t\t<div class=\"elementor-widget-container\">\n\t\t\t\t\t\t\t<div class=\"animation-wow fadeInUp react-heading default\">\r\n\t\t\t<div class=\"title-inner\">\r\n\t\t\t\t<span class=\"custom sub-text subtitle wow fadeInUp\">Nosso objetivo como empresa<\/span><div class=\"wow fadeInUp\"><h2 class=\"title word-line\">Miss\u00e3o e Vis\u00e3o<\/h2><\/div>\t\t\t<\/div>\r\n\t\t\t\r\n\t\t\t\t\t\t\t\t<\/div>\t\t\t\r\n\t\t\t\t\t<\/div>\n\t\t\t\t<\/div>\n\t\t\t\t<\/div>\n\t\t\t\t\t<\/div>\n\t\t\t\t<\/div>\n\t\t<div class=\"elementor-element elementor-element-5c9bf27 e-flex e-con-boxed rt-default-class e-con e-child\" data-id=\"5c9bf27\" data-element_type=\"container\">\n\t\t\t\t\t<div class=\"e-con-inner\">\n\t\t<div class=\"elementor-element elementor-element-f386674 e-con-full e-flex rt-default-class e-con e-child\" data-id=\"f386674\" data-element_type=\"container\">\n\t\t\t\t<div class=\"elementor-element elementor-element-03d3471 rt-default-class elementor-widget elementor-widget-react-heading\" data-id=\"03d3471\" data-element_type=\"widget\" data-widget_type=\"react-heading.default\">\n\t\t\t\t<div class=\"elementor-widget-container\">\n\t\t\t\t\t\t\t<div class=\"animation-wow fadeInRight react-heading default\">\r\n\t\t\t<div class=\"title-inner\">\r\n\t\t\t\t<div class=\"wow fadeInRight\"><h4 class=\"title word-line\">Nossa Miss\u00e3o<\/h4><\/div>\t\t\t<\/div>\r\n\t\t\t\r\n\t\t\t\t\t\t\t\t<\/div>\t\t\t\r\n\t\t\t\t\t<\/div>\n\t\t\t\t<\/div>\n\t\t\t\t<div class=\"elementor-element elementor-element-20c71ab rt-default-class elementor-widget elementor-widget-react-heading\" data-id=\"20c71ab\" data-element_type=\"widget\" data-widget_type=\"react-heading.default\">\n\t\t\t\t<div class=\"elementor-widget-container\">\n\t\t\t\t\t\t\t<div class=\"animation-wow fadeInUp react-heading default\">\r\n\t\t\t<div class=\"title-inner\">\r\n\t\t\t\t\t\t\t<\/div>\r\n\t\t\t\r\n\t\t\t\t\t\t\t<div class=\"description wow fadeInUp \">\r\n\t\t\t\t\t<p>Transformar res\u00edduos pl\u00e1sticos contaminados em <strong data-start=\"183\" data-end=\"213\">mat\u00e9ria-prima reutiliz\u00e1vel<\/strong>, promovendo a <strong data-start=\"228\" data-end=\"248\">sustentabilidade<\/strong> e reduzindo o impacto ambiental. Nosso compromisso \u00e9 fornecer solu\u00e7\u00f5es inovadoras para a <strong data-start=\"338\" data-end=\"351\">ind\u00fastria<\/strong>, garantindo qualidade, efici\u00eancia e responsabilidade ecol\u00f3gica.<\/p>\t\t\t\t<\/div>\r\n\t\t\t\t\t\t\t\t<\/div>\t\t\t\r\n\t\t\t\t\t<\/div>\n\t\t\t\t<\/div>\n\t\t\t\t<\/div>\n\t\t<div class=\"elementor-element elementor-element-9bada26 e-con-full e-flex rt-default-class e-con e-child\" data-id=\"9bada26\" data-element_type=\"container\">\n\t\t\t\t<div class=\"elementor-element elementor-element-2071905 rt-default-class elementor-widget elementor-widget-react-heading\" data-id=\"2071905\" data-element_type=\"widget\" data-widget_type=\"react-heading.default\">\n\t\t\t\t<div class=\"elementor-widget-container\">\n\t\t\t\t\t\t\t<div class=\"animation-wow fadeInRight react-heading default\">\r\n\t\t\t<div class=\"title-inner\">\r\n\t\t\t\t<div class=\"wow fadeInRight\"><h4 class=\"title word-line\">Nossa Vis\u00e3o<\/h4><\/div>\t\t\t<\/div>\r\n\t\t\t\r\n\t\t\t\t\t\t\t\t<\/div>\t\t\t\r\n\t\t\t\t\t<\/div>\n\t\t\t\t<\/div>\n\t\t\t\t<div class=\"elementor-element elementor-element-da81d01 rt-default-class elementor-widget elementor-widget-react-heading\" data-id=\"da81d01\" data-element_type=\"widget\" data-widget_type=\"react-heading.default\">\n\t\t\t\t<div class=\"elementor-widget-container\">\n\t\t\t\t\t\t\t<div class=\"animation-wow fadeInUp react-heading default\">\r\n\t\t\t<div class=\"title-inner\">\r\n\t\t\t\t\t\t\t<\/div>\r\n\t\t\t\r\n\t\t\t\t\t\t\t<div class=\"description wow fadeInUp \">\r\n\t\t\t\t\t<p>Ser refer\u00eancia nacional no setor de <strong data-start=\"480\" data-end=\"507\">reciclagem de pl\u00e1sticos<\/strong>, destacando-se pela inova\u00e7\u00e3o, compromisso ambiental e contribui\u00e7\u00e3o para a <strong data-start=\"582\" data-end=\"603\">economia circular<\/strong>. Queremos inspirar empresas e a sociedade a adotarem pr\u00e1ticas mais sustent\u00e1veis, ajudando a construir um futuro mais limpo e consciente.<\/p>\t\t\t\t<\/div>\r\n\t\t\t\t\t\t\t\t<\/div>\t\t\t\r\n\t\t\t\t\t<\/div>\n\t\t\t\t<\/div>\n\t\t\t\t<\/div>\n\t\t\t\t\t<\/div>\n\t\t\t\t<\/div>\n\t\t<div class=\"elementor-element elementor-element-a22d45f e-con-full e-flex rt-default-class e-con e-child\" data-id=\"a22d45f\" data-element_type=\"container\">\n\t\t\t\t<\/div>\n\t\t\t\t<\/div>\n\t\t\t\t<\/div>\n\t\t","protected":false},"excerpt":{"rendered":"<p>Que somos Nossa Hist\u00f3ria A Ecopl\u00e1stico nasceu com um prop\u00f3sito claro: transformar res\u00edduos pl\u00e1sticos contaminados em solu\u00e7\u00f5es sustent\u00e1veis para a ind\u00fastria, contribuindo para a preserva\u00e7\u00e3o do meio ambiente e promovendo a economia circular. Fundada em 2017, na cidade de Maring\u00e1\/PR, pelo empres\u00e1rio Cleverson Martho Reis, a empresa iniciou suas atividades com uma equipe de 10&#8230;<\/p>\n","protected":false},"author":1,"featured_media":0,"parent":0,"menu_order":0,"comment_status":"closed","ping_status":"closed","template":"elementor_header_footer","meta":{"footnotes":""},"class_list":["post-411","page","type-page","status-publish","hentry"],"_links":{"self":[{"href":"https:\/\/ecoplasticobr.com.br\/index.php?rest_route=\/wp\/v2\/pages\/411","targetHints":{"allow":["GET"]}}],"collection":[{"href":"https:\/\/ecoplasticobr.com.br\/index.php?rest_route=\/wp\/v2\/pages"}],"about":[{"href":"https:\/\/ecoplasticobr.com.br\/index.php?rest_route=\/wp\/v2\/types\/page"}],"author":[{"embeddable":true,"href":"https:\/\/ecoplasticobr.com.br\/index.php?rest_route=\/wp\/v2\/users\/1"}],"replies":[{"embeddable":true,"href":"https:\/\/ecoplasticobr.com.br\/index.php?rest_route=%2Fwp%2Fv2%2Fcomments&post=411"}],"version-history":[{"count":10,"href":"https:\/\/ecoplasticobr.com.br\/index.php?rest_route=\/wp\/v2\/pages\/411\/revisions"}],"predecessor-version":[{"id":2359,"href":"https:\/\/ecoplasticobr.com.br\/index.php?rest_route=\/wp\/v2\/pages\/411\/revisions\/2359"}],"wp:attachment":[{"href":"https:\/\/ecoplasticobr.com.br\/index.php?rest_route=%2Fwp%2Fv2%2Fmedia&parent=411"}],"curies":[{"name":"wp","href":"https:\/\/api.w.org\/{rel}","templated":true}]}}